{"id":1906,"date":"2023-10-03T13:11:59","date_gmt":"2023-10-03T13:11:59","guid":{"rendered":"https:\/\/www.remac-bz.it\/note-legali"},"modified":"2025-08-28T06:05:47","modified_gmt":"2025-08-28T06:05:47","slug":"note-legali","status":"publish","type":"page","link":"https:\/\/www.remac-bz.it\/it\/note-legali","title":{"rendered":"Note legali"},"content":{"rendered":"\t\t<div data-elementor-type=\"wp-page\" data-elementor-id=\"1906\" class=\"elementor elementor-1906 elementor-333\" data-elementor-post-type=\"page\">\n\t\t\t\t<div class=\"elementor-element elementor-element-5e14ece e-con-full e-flex e-con e-parent\" data-id=\"5e14ece\" data-element_type=\"container\" data-settings=\"{&quot;background_background&quot;:&quot;gradient&quot;}\">\n\t\t<div class=\"elementor-element elementor-element-18c350c e-con-full e-flex e-con e-child\" data-id=\"18c350c\" data-element_type=\"container\">\n\t\t\t\t<div class=\"elementor-element elementor-element-03aa328 elementor-widget elementor-widget-heading\" data-id=\"03aa328\" data-element_type=\"widget\" data-widget_type=\"heading.default\">\n\t\t\t\t<div class=\"elementor-widget-container\">\n\t\t\t\t\t<h1 class=\"elementor-heading-title elementor-size-default\">Note legali<\/h1>\t\t\t\t<\/div>\n\t\t\t\t<\/div>\n\t\t\t\t<div class=\"elementor-element elementor-element-c6e7c3b elementor-widget elementor-widget-text-editor\" data-id=\"c6e7c3b\" data-element_type=\"widget\" data-widget_type=\"text-editor.default\">\n\t\t\t\t<div class=\"elementor-widget-container\">\n\t\t\t\t\t\t\t\t\t<p><strong>ReMaC Immobilien S.r.l.<\/strong><\/p><p>CityTower 9\u00b0 piano<br>Via Macello 30\/C<br>39100 Bolzano<\/p><p>E-mail &amp; Tel.:<br><a href=\"tel:3938322678\">Tel. +39 393 832 2678  <\/a><a href=\"tel:3938322678\">  <\/a><a href=\"tel:3938322678\">+39 335 694 6330  <\/a><br><a href=\"mailto:info@remac-bz.it\">info@remac-bz.it<\/a><\/p>\t\t\t\t\t\t\t\t<\/div>\n\t\t\t\t<\/div>\n\t\t\t\t<\/div>\n\t\t<div class=\"elementor-element elementor-element-99b2c12 e-con-full e-flex e-con e-child\" data-id=\"99b2c12\" data-element_type=\"container\">\n\t\t\t\t<div class=\"elementor-element elementor-element-a027edc elementor-widget elementor-widget-heading\" data-id=\"a027edc\" data-element_type=\"widget\" data-widget_type=\"heading.default\">\n\t\t\t\t<div class=\"elementor-widget-container\">\n\t\t\t\t\t<h2 class=\"elementor-heading-title elementor-size-default\">Info<\/h2>\t\t\t\t<\/div>\n\t\t\t\t<\/div>\n\t\t\t\t<div class=\"elementor-element elementor-element-2edf8c2 elementor-widget elementor-widget-text-editor\" data-id=\"2edf8c2\" data-element_type=\"widget\" data-widget_type=\"text-editor.default\">\n\t\t\t\t<div class=\"elementor-widget-container\">\n\t\t\t\t\t\t\t\t\t<h4><strong>Risoluzione delle controversie<\/strong><\/h4><p>\u200dInformazione obbligatoria ai sensi del Regolamento UE n. 524\/2013 del Parlamento europeo e del Consiglio Piattaforma per la risoluzione online delle controversie dei consumatori (ODR) della Commissione Europea: http:\/\/ec.europa.eu\/consumers\/odr\/\u200d<\/p><p>\u200d<strong>Responsabile per la concezione &amp; il design \/ lo sviluppo:<\/strong><br>Jonas Faller<\/p><p>\u200d<strong>Responsabile per il contenuto:<\/strong><br>ReMaC Immobilien S.r.l.<br>CityTower 9\u00b0 piano<br>Via Macello 30\/C<br>39100 Bolzano<\/p><h4> <\/h4><h4><strong>Esclusione di responsabilit\u00e0:<\/strong><br>\u200d<\/h4><p><strong>Responsabilit\u00e0 per i contenuti<\/strong><br>\u200dI contenuti delle nostre pagine sono stati creati, elaborati e verificati con la massima cura. Tuttavia, non possiamo garantire la correttezza, la qualit\u00e0, la completezza e l&#8217;attualit\u00e0 dei contenuti, anche perch\u00e9 nel frattempo potrebbero essere intervenute delle modifiche. Sono escluse in linea di principio le pretese di responsabilit\u00e0 di qualsiasi natura, causate dall&#8217;utilizzo delle informazioni fornite o da informazioni mancanti e\/o incomplete.  <\/p><p><strong>\u200dResponsabilit\u00e0 per i link<\/strong><br>\u200dLa nostra offerta contiene link a siti web esterni di terzi, sui cui contenuti non possiamo esercitare alcuna influenza. Per questo motivo, non possiamo assumere alcuna garanzia, di qualsiasi natura, in relazione ai contenuti dei siti web collegati. Per i contenuti delle pagine collegate \u00e8 responsabile esclusivamente il rispettivo fornitore o gestore di tali pagine.  <\/p><p><strong>Diritto d&#8217;autore<\/strong><br>\u200dTutti i contenuti e le opere create da Jonas Faller e dal gestore del sito web sono protetti da diritto d&#8217;autore. La riproduzione, l&#8217;elaborazione, la distribuzione e qualsiasi tipo di utilizzo, in particolare di natura commerciale, al di fuori dei limiti del diritto d&#8217;autore sono severamente vietati e richiedono in ogni caso il previo consenso scritto del rispettivo autore o creatore. Nella misura in cui i contenuti di questa pagina non sono stati creati dal gestore, vengono rispettati i diritti d&#8217;autore di terzi. In particolare, i contenuti di terzi sono contrassegnati come tali. Qualora doveste comunque venire a conoscenza di una violazione del diritto d&#8217;autore, vi preghiamo di segnalarcelo. In caso di conoscenza di violazioni legali di tale natura, rimuoveremo naturalmente tali contenuti immediatamente, ma non ci assumiamo alcuna responsabilit\u00e0 in merito.     <\/p>\t\t\t\t\t\t\t\t<\/div>\n\t\t\t\t<\/div>\n\t\t\t\t<\/div>\n\t\t\t\t<\/div>\n\t\t\t\t<\/div>\n\t\t","protected":false},"excerpt":{"rendered":"<p>Note legali ReMaC Immobilien S.r.l. CityTower 9\u00b0 pianoVia Macello 30\/C39100 Bolzano E-mail &amp; Tel.:Tel. +39 393 832 2678 +39 335 694 6330 info@remac-bz.it Info Risoluzione delle controversie \u200dInformazione obbligatoria ai sensi del Regolamento UE n. 524\/2013 del Parlamento europeo e del Consiglio Piattaforma per la risoluzione online delle controversie dei consumatori (ODR) della Commissione Europea: [&hellip;]<\/p>\n","protected":false},"author":2,"featured_media":0,"parent":0,"menu_order":0,"comment_status":"closed","ping_status":"closed","template":"elementor_header_footer","meta":{"footnotes":""},"class_list":["post-1906","page","type-page","status-publish","hentry"],"yoast_head":"<!-- This site is optimized with the Yoast SEO plugin v25.8 - https:\/\/yoast.com\/wordpress\/plugins\/seo\/ -->\n<title>Note legali - Remac Immobilien<\/title>\n<meta name=\"robots\" content=\"index, follow, max-snippet:-1, max-image-preview:large, max-video-preview:-1\" \/>\n<link rel=\"canonical\" href=\"https:\/\/www.remac-bz.it\/it\/note-legali\" \/>\n<meta property=\"og:locale\" content=\"it_IT\" \/>\n<meta property=\"og:type\" content=\"article\" \/>\n<meta property=\"og:title\" content=\"Note legali - Remac Immobilien\" \/>\n<meta property=\"og:description\" content=\"Note legali ReMaC Immobilien S.r.l. CityTower 9\u00b0 pianoVia Macello 30\/C39100 Bolzano E-mail &amp; Tel.:Tel. +39 393 832 2678 +39 335 694 6330 info@remac-bz.it Info Risoluzione delle controversie \u200dInformazione obbligatoria ai sensi del Regolamento UE n. 524\/2013 del Parlamento europeo e del Consiglio Piattaforma per la risoluzione online delle controversie dei consumatori (ODR) della Commissione Europea: [&hellip;]\" \/>\n<meta property=\"og:url\" content=\"https:\/\/www.remac-bz.it\/it\/note-legali\" \/>\n<meta property=\"og:site_name\" content=\"Remac Immobilien\" \/>\n<meta property=\"article:modified_time\" content=\"2025-08-28T06:05:47+00:00\" \/>\n<meta name=\"twitter:card\" content=\"summary_large_image\" \/>\n<meta name=\"twitter:label1\" content=\"Tempo di lettura stimato\" \/>\n\t<meta name=\"twitter:data1\" content=\"2 minuti\" \/>\n<script type=\"application\/ld+json\" class=\"yoast-schema-graph\">{\"@context\":\"https:\/\/schema.org\",\"@graph\":[{\"@type\":\"WebPage\",\"@id\":\"https:\/\/www.remac-bz.it\/it\/note-legali\",\"url\":\"https:\/\/www.remac-bz.it\/it\/note-legali\",\"name\":\"Note legali - Remac Immobilien\",\"isPartOf\":{\"@id\":\"https:\/\/www.remac-bz.it\/it#website\"},\"datePublished\":\"2023-10-03T13:11:59+00:00\",\"dateModified\":\"2025-08-28T06:05:47+00:00\",\"breadcrumb\":{\"@id\":\"https:\/\/www.remac-bz.it\/it\/note-legali#breadcrumb\"},\"inLanguage\":\"it-IT\",\"potentialAction\":[{\"@type\":\"ReadAction\",\"target\":[\"https:\/\/www.remac-bz.it\/it\/note-legali\"]}]},{\"@type\":\"BreadcrumbList\",\"@id\":\"https:\/\/www.remac-bz.it\/it\/note-legali#breadcrumb\",\"itemListElement\":[{\"@type\":\"ListItem\",\"position\":1,\"name\":\"Startseite\",\"item\":\"https:\/\/www.remac-bz.it\/it\/home\"},{\"@type\":\"ListItem\",\"position\":2,\"name\":\"Note legali\"}]},{\"@type\":\"WebSite\",\"@id\":\"https:\/\/www.remac-bz.it\/it#website\",\"url\":\"https:\/\/www.remac-bz.it\/it\",\"name\":\"Remac Immobilien\",\"description\":\"\",\"publisher\":{\"@id\":\"https:\/\/www.remac-bz.it\/it#organization\"},\"potentialAction\":[{\"@type\":\"SearchAction\",\"target\":{\"@type\":\"EntryPoint\",\"urlTemplate\":\"https:\/\/www.remac-bz.it\/it?s={search_term_string}\"},\"query-input\":{\"@type\":\"PropertyValueSpecification\",\"valueRequired\":true,\"valueName\":\"search_term_string\"}}],\"inLanguage\":\"it-IT\"},{\"@type\":\"Organization\",\"@id\":\"https:\/\/www.remac-bz.it\/it#organization\",\"name\":\"Remac Immobilien\",\"url\":\"https:\/\/www.remac-bz.it\/it\",\"logo\":{\"@type\":\"ImageObject\",\"inLanguage\":\"it-IT\",\"@id\":\"https:\/\/www.remac-bz.it\/it#\/schema\/logo\/image\/\",\"url\":\"https:\/\/www.remac-bz.it\/wp-content\/uploads\/2023\/09\/cropped-Logo_Remac-scaled-2.jpg\",\"contentUrl\":\"https:\/\/www.remac-bz.it\/wp-content\/uploads\/2023\/09\/cropped-Logo_Remac-scaled-2.jpg\",\"width\":2560,\"height\":880,\"caption\":\"Remac Immobilien\"},\"image\":{\"@id\":\"https:\/\/www.remac-bz.it\/it#\/schema\/logo\/image\/\"}}]}<\/script>\n<!-- \/ Yoast SEO plugin. -->","yoast_head_json":{"title":"Note legali - Remac Immobilien","robots":{"index":"index","follow":"follow","max-snippet":"max-snippet:-1","max-image-preview":"max-image-preview:large","max-video-preview":"max-video-preview:-1"},"canonical":"https:\/\/www.remac-bz.it\/it\/note-legali","og_locale":"it_IT","og_type":"article","og_title":"Note legali - Remac Immobilien","og_description":"Note legali ReMaC Immobilien S.r.l. CityTower 9\u00b0 pianoVia Macello 30\/C39100 Bolzano E-mail &amp; Tel.:Tel. +39 393 832 2678 +39 335 694 6330 info@remac-bz.it Info Risoluzione delle controversie \u200dInformazione obbligatoria ai sensi del Regolamento UE n. 524\/2013 del Parlamento europeo e del Consiglio Piattaforma per la risoluzione online delle controversie dei consumatori (ODR) della Commissione Europea: [&hellip;]","og_url":"https:\/\/www.remac-bz.it\/it\/note-legali","og_site_name":"Remac Immobilien","article_modified_time":"2025-08-28T06:05:47+00:00","twitter_card":"summary_large_image","twitter_misc":{"Tempo di lettura stimato":"2 minuti"},"schema":{"@context":"https:\/\/schema.org","@graph":[{"@type":"WebPage","@id":"https:\/\/www.remac-bz.it\/it\/note-legali","url":"https:\/\/www.remac-bz.it\/it\/note-legali","name":"Note legali - Remac Immobilien","isPartOf":{"@id":"https:\/\/www.remac-bz.it\/it#website"},"datePublished":"2023-10-03T13:11:59+00:00","dateModified":"2025-08-28T06:05:47+00:00","breadcrumb":{"@id":"https:\/\/www.remac-bz.it\/it\/note-legali#breadcrumb"},"inLanguage":"it-IT","potentialAction":[{"@type":"ReadAction","target":["https:\/\/www.remac-bz.it\/it\/note-legali"]}]},{"@type":"BreadcrumbList","@id":"https:\/\/www.remac-bz.it\/it\/note-legali#breadcrumb","itemListElement":[{"@type":"ListItem","position":1,"name":"Startseite","item":"https:\/\/www.remac-bz.it\/it\/home"},{"@type":"ListItem","position":2,"name":"Note legali"}]},{"@type":"WebSite","@id":"https:\/\/www.remac-bz.it\/it#website","url":"https:\/\/www.remac-bz.it\/it","name":"Remac Immobilien","description":"","publisher":{"@id":"https:\/\/www.remac-bz.it\/it#organization"},"potentialAction":[{"@type":"SearchAction","target":{"@type":"EntryPoint","urlTemplate":"https:\/\/www.remac-bz.it\/it?s={search_term_string}"},"query-input":{"@type":"PropertyValueSpecification","valueRequired":true,"valueName":"search_term_string"}}],"inLanguage":"it-IT"},{"@type":"Organization","@id":"https:\/\/www.remac-bz.it\/it#organization","name":"Remac Immobilien","url":"https:\/\/www.remac-bz.it\/it","logo":{"@type":"ImageObject","inLanguage":"it-IT","@id":"https:\/\/www.remac-bz.it\/it#\/schema\/logo\/image\/","url":"https:\/\/www.remac-bz.it\/wp-content\/uploads\/2023\/09\/cropped-Logo_Remac-scaled-2.jpg","contentUrl":"https:\/\/www.remac-bz.it\/wp-content\/uploads\/2023\/09\/cropped-Logo_Remac-scaled-2.jpg","width":2560,"height":880,"caption":"Remac Immobilien"},"image":{"@id":"https:\/\/www.remac-bz.it\/it#\/schema\/logo\/image\/"}}]}},"_links":{"self":[{"href":"https:\/\/www.remac-bz.it\/it\/wp-json\/wp\/v2\/pages\/1906","targetHints":{"allow":["GET"]}}],"collection":[{"href":"https:\/\/www.remac-bz.it\/it\/wp-json\/wp\/v2\/pages"}],"about":[{"href":"https:\/\/www.remac-bz.it\/it\/wp-json\/wp\/v2\/types\/page"}],"author":[{"embeddable":true,"href":"https:\/\/www.remac-bz.it\/it\/wp-json\/wp\/v2\/users\/2"}],"replies":[{"embeddable":true,"href":"https:\/\/www.remac-bz.it\/it\/wp-json\/wp\/v2\/comments?post=1906"}],"version-history":[{"count":1,"href":"https:\/\/www.remac-bz.it\/it\/wp-json\/wp\/v2\/pages\/1906\/revisions"}],"predecessor-version":[{"id":1920,"href":"https:\/\/www.remac-bz.it\/it\/wp-json\/wp\/v2\/pages\/1906\/revisions\/1920"}],"wp:attachment":[{"href":"https:\/\/www.remac-bz.it\/it\/wp-json\/wp\/v2\/media?parent=1906"}],"curies":[{"name":"wp","href":"https:\/\/api.w.org\/{rel}","templated":true}]}}